{"id":2590,"date":"2021-03-11T12:16:21","date_gmt":"2021-03-11T12:16:21","guid":{"rendered":"https:\/\/nuevaweb.restaurantesdelreyno.com\/inicio\/"},"modified":"2021-03-25T08:19:42","modified_gmt":"2021-03-25T08:19:42","slug":"inicio","status":"publish","type":"page","link":"https:\/\/restaurantesdelreyno.com\/de\/","title":{"rendered":"INICIO"},"content":{"rendered":"<p>[et_pb_section fb_built=&#8220;1&#8243; fullwidth=&#8220;on&#8220; admin_label=&#8220;Header&#8220; _builder_version=&#8220;4.9.1&#8243; background_image=&#8220;https:\/\/restaurantesdelreyno.com\/wp-content\/uploads\/2021\/03\/CABECERA_treintaitres.jpg&#8220; parallax=&#8220;on&#8220; custom_padding=&#8220;0|0px|0|0px|false|false&#8220;][et_pb_fullwidth_header title=&#8220;LOKALE GASTRONOMIE&#8220; content_max_width_tablet=&#8220;480px&#8220; content_max_width_phone=&#8220;&#8220; content_max_width_last_edited=&#8220;on|phone&#8220; _builder_version=&#8220;4.9.1&#8243; title_font=&#8220;Oswald||||||||&#8220; title_text_align=&#8220;right&#8220; title_font_size=&#8220;72px&#8220; title_line_height=&#8220;1.2em&#8220; content_font=&#8220;Roboto|700|||||||&#8220; content_text_align=&#8220;right&#8220; content_font_size=&#8220;16px&#8220; content_letter_spacing=&#8220;2px&#8220; content_line_height=&#8220;2em&#8220; background_enable_color=&#8220;off&#8220; background_position=&#8220;center_left&#8220; custom_button_one=&#8220;on&#8220; button_one_text_size=&#8220;16px&#8220; button_one_text_color=&#8220;#ffffff&#8220; button_one_bg_color=&#8220;#ff6d4a&#8220; button_one_border_width=&#8220;15px&#8220; button_one_border_color=&#8220;#ff6d4a&#8220; button_one_border_radius=&#8220;4px&#8220; button_one_letter_spacing=&#8220;3px&#8220; button_one_font=&#8220;Cabin|700||on|||||&#8220; custom_button_two=&#8220;on&#8220; button_two_text_size=&#8220;16px&#8220; button_two_text_color=&#8220;#ffffff&#8220; button_two_bg_color=&#8220;#ff6d4a&#8220; button_two_border_width=&#8220;15px&#8220; button_two_border_color=&#8220;#ff6d4a&#8220; button_two_border_radius=&#8220;4px&#8220; button_two_letter_spacing=&#8220;3px&#8220; button_two_font=&#8220;Cabin|700||on|||||&#8220; background_layout=&#8220;light&#8220; custom_margin=&#8220;|||&#8220; custom_padding=&#8220;58px||58px||true|&#8220; title_font_tablet=&#8220;&#8220; title_font_phone=&#8220;&#8220; title_font_last_edited=&#8220;on|phone&#8220; title_font_size_tablet=&#8220;&#8220; title_font_size_phone=&#8220;42px&#8220; title_font_size_last_edited=&#8220;on|phone&#8220; title_line_height_tablet=&#8220;&#8220; title_line_height_phone=&#8220;1.2em&#8220; title_line_height_last_edited=&#8220;on|phone&#8220; button_one_border_radius_hover=&#8220;4px&#8220; button_two_border_radius_hover=&#8220;4px&#8220; button_one_letter_spacing_hover=&#8220;3px&#8220; button_two_letter_spacing_hover=&#8220;3px&#8220; button_one_text_size__hover_enabled=&#8220;off&#8220; button_two_text_size__hover_enabled=&#8220;off&#8220; button_one_text_color__hover_enabled=&#8220;off&#8220; button_two_text_color__hover_enabled=&#8220;off&#8220; button_one_border_width__hover_enabled=&#8220;off&#8220; button_two_border_width__hover_enabled=&#8220;off&#8220; button_one_border_color__hover_enabled=&#8220;off&#8220; button_two_border_color__hover_enabled=&#8220;off&#8220; button_one_border_radius__hover_enabled=&#8220;on&#8220; button_one_border_radius__hover=&#8220;4px&#8220; button_two_border_radius__hover_enabled=&#8220;on&#8220; button_two_border_radius__hover=&#8220;4px&#8220; button_one_letter_spacing__hover_enabled=&#8220;on&#8220; button_one_letter_spacing__hover=&#8220;3px&#8220; button_two_letter_spacing__hover_enabled=&#8220;on&#8220; button_two_letter_spacing__hover=&#8220;3px&#8220; button_one_bg_color__hover_enabled=&#8220;off&#8220; button_two_bg_color__hover_enabled=&#8220;off&#8220;]<\/p>\n<p style=\"text-align: right;\"><span>ENTDECKEN SIE DIE BESTEN RESTAURANTS IN NAVARRA<\/span><\/p>\n<p>[\/et_pb_fullwidth_header][\/et_pb_section][et_pb_section fb_built=&#8220;1&#8243; _builder_version=&#8220;4.9.1&#8243; _module_preset=&#8220;default&#8220; background_color=&#8220;#FFFFFF&#8220; width=&#8220;100%&#8220; max_width=&#8220;100%&#8220; module_alignment=&#8220;center&#8220; custom_padding=&#8220;0px||1px|||&#8220;][et_pb_row _builder_version=&#8220;4.9.1&#8243; _module_preset=&#8220;default&#8220; width=&#8220;90%&#8220; max_width=&#8220;100%&#8220; custom_padding=&#8220;73px||3px|||&#8220;][et_pb_column type=&#8220;4_4&#8243; _builder_version=&#8220;4.9.1&#8243; _module_preset=&#8220;default&#8220;][et_pb_portfolio fullwidth=&#8220;off&#8220; posts_number=&#8220;16&#8243; include_categories=&#8220;40,43,41,39,2,45,44,42,47&#8243; show_categories=&#8220;off&#8220; show_pagination=&#8220;off&#8220; hover_overlay_color=&#8220;rgba(255,255,255,0.5)&#8220; _builder_version=&#8220;4.9.1&#8243; _module_preset=&#8220;default&#8220; title_text_align=&#8220;center&#8220;][\/et_pb_portfolio][\/et_pb_column][\/et_pb_row][\/et_pb_section][et_pb_section fb_built=&#8220;1&#8243; _builder_version=&#8220;4.9.1&#8243; _module_preset=&#8220;default&#8220; background_color=&#8220;#f4f4f4&#8243;][et_pb_row column_structure=&#8220;1_2,1_2&#8243; _builder_version=&#8220;4.9.1&#8243; _module_preset=&#8220;default&#8220;][et_pb_column type=&#8220;1_2&#8243; _builder_version=&#8220;4.9.1&#8243; _module_preset=&#8220;default&#8220;][et_pb_image src=&#8220;https:\/\/restaurantesdelreyno.com\/wp-content\/uploads\/2021\/03\/cocineros-restaurantes-reyno.jpg&#8220; title_text=&#8220;cocineros-restaurantes-reyno&#8220; _builder_version=&#8220;4.9.1&#8243; _module_preset=&#8220;default&#8220; border_width_all=&#8220;20px&#8220; border_color_all=&#8220;#ece7ee&#8220;][\/et_pb_image][\/et_pb_column][et_pb_column type=&#8220;1_2&#8243; _builder_version=&#8220;4.9.1&#8243; _module_preset=&#8220;default&#8220;][et_pb_text _builder_version=&#8220;4.9.1&#8243; _module_preset=&#8220;default&#8220; text_font=&#8220;Roboto||||||||&#8220; header_2_font=&#8220;Oswald||||||||&#8220; header_2_font_size=&#8220;36px&#8220; hover_enabled=&#8220;0&#8243; sticky_enabled=&#8220;0&#8243;]<\/p>\n<h2 style=\"text-align: center;\">DIE VEREINIGUNG<\/h2>\n<p style=\"text-align: center;\">GENIESSEN SIE DIE NAVARRISCHE GASTRONOMIE ZUSAMMEN MIT UNS.<\/p>\n<p>[\/et_pb_text][et_pb_divider _builder_version=&#8220;4.9.1&#8243; _module_preset=&#8220;default&#8220; custom_margin=&#8220;||10px|||&#8220;][\/et_pb_divider][et_pb_text _builder_version=&#8220;4.9.1&#8243; _module_preset=&#8220;default&#8220; background_color=&#8220;RGBA(0,0,0,0)&#8220; width=&#8220;85%&#8220; module_alignment=&#8220;center&#8220; hover_enabled=&#8220;0&#8243; sticky_enabled=&#8220;0&#8243;]<\/p>\n<p style=\"text-align: center;\">Zur Vereinigung der Restaurantes del Reyno z\u00e4hlen Chefs von Prestige und Projektion der navarrischen K\u00fcche, die Sie in diesem Restaurantf\u00fchrer finden. Sie verk\u00f6rpern den Respekt vor der Identit\u00e4t der Tradition, die Innovation f\u00fcr neue Wege und die Obsession bei der Auswahl nur der besten Zutaten f\u00fcr ihre Kreationen. Eine frische, gesunde Gastronomie, die von der Tradition ausgehend einen hohen Grad an Avantgarde und Innovation entwickelt, was ihnen herausragende Beurteilungen in den angesehensten spanischen und internationalen Restaurantf\u00fchrern einbrachte. All dies selbstverst\u00e4ndlich aus Navarra, einer Region mit exquisiten lokalen Produkten, worin effektiv der Unterschied und die Pers\u00f6nlichkeit liegen.<\/p>\n<p>[\/et_pb_text][\/et_pb_column][\/et_pb_row][\/et_pb_section]<\/p>\n","protected":false},"excerpt":{"rendered":"<p>ENTDECKEN SIE DIE BESTEN RESTAURANTS IN NAVARRADIE VEREINIGUNG GENIESSEN SIE DIE NAVARRISCHE GASTRONOMIE ZUSAMMEN MIT UNS.Zur Vereinigung der Restaurantes del Reyno z\u00e4hlen Chefs von Prestige und Projektion der navarrischen K\u00fcche, die Sie in diesem Restaurantf\u00fchrer finden. Sie verk\u00f6rpern den Respekt vor der Identit\u00e4t der Tradition, die Innovation f\u00fcr neue Wege und die Obsession bei der [&hellip;]<\/p>\n","protected":false},"author":1,"featured_media":0,"parent":0,"menu_order":0,"comment_status":"closed","ping_status":"closed","template":"","meta":{"_et_pb_use_builder":"on","_et_pb_old_content":"","_et_gb_content_width":"","footnotes":""},"class_list":["post-2590","page","type-page","status-publish","hentry"],"yoast_head":"<!-- This site is optimized with the Yoast SEO plugin v27.3 - https:\/\/yoast.com\/product\/yoast-seo-wordpress\/ -->\r\n<title>INICIO - Restaurantes del Reyno<\/title>\r\n<meta name=\"robots\" content=\"index, follow, max-snippet:-1, max-image-preview:large, max-video-preview:-1\" \/>\r\n<link rel=\"canonical\" href=\"https:\/\/restaurantesdelreyno.com\/de\/\" \/>\r\n<meta property=\"og:locale\" content=\"de_DE\" \/>\r\n<meta property=\"og:type\" content=\"article\" \/>\r\n<meta property=\"og:title\" content=\"INICIO - Restaurantes del Reyno\" \/>\r\n<meta property=\"og:description\" content=\"ENTDECKEN SIE DIE BESTEN RESTAURANTS IN NAVARRADIE VEREINIGUNG GENIESSEN SIE DIE NAVARRISCHE GASTRONOMIE ZUSAMMEN MIT UNS.Zur Vereinigung der Restaurantes del Reyno z\u00e4hlen Chefs von Prestige und Projektion der navarrischen K\u00fcche, die Sie in diesem Restaurantf\u00fchrer finden. Sie verk\u00f6rpern den Respekt vor der Identit\u00e4t der Tradition, die Innovation f\u00fcr neue Wege und die Obsession bei der [&hellip;]\" \/>\r\n<meta property=\"og:url\" content=\"https:\/\/restaurantesdelreyno.com\/de\/\" \/>\r\n<meta property=\"og:site_name\" content=\"Restaurantes del Reyno\" \/>\r\n<meta property=\"article:modified_time\" content=\"2021-03-25T08:19:42+00:00\" \/>\r\n<meta name=\"twitter:card\" content=\"summary_large_image\" \/>\r\n<meta name=\"twitter:label1\" content=\"Gesch\u00e4tzte Lesezeit\" \/>\n\t<meta name=\"twitter:data1\" content=\"4\u00a0Minuten\" \/>\r\n<script type=\"application\/ld+json\" class=\"yoast-schema-graph\">{\"@context\":\"https:\\\/\\\/schema.org\",\"@graph\":[{\"@type\":\"WebPage\",\"@id\":\"https:\\\/\\\/restaurantesdelreyno.com\\\/de\\\/\",\"url\":\"https:\\\/\\\/restaurantesdelreyno.com\\\/de\\\/\",\"name\":\"INICIO - Restaurantes del Reyno\",\"isPartOf\":{\"@id\":\"https:\\\/\\\/restaurantesdelreyno.com\\\/#website\"},\"datePublished\":\"2021-03-11T12:16:21+00:00\",\"dateModified\":\"2021-03-25T08:19:42+00:00\",\"breadcrumb\":{\"@id\":\"https:\\\/\\\/restaurantesdelreyno.com\\\/de\\\/#breadcrumb\"},\"inLanguage\":\"de\",\"potentialAction\":[{\"@type\":\"ReadAction\",\"target\":[\"https:\\\/\\\/restaurantesdelreyno.com\\\/de\\\/\"]}]},{\"@type\":\"BreadcrumbList\",\"@id\":\"https:\\\/\\\/restaurantesdelreyno.com\\\/de\\\/#breadcrumb\",\"itemListElement\":[{\"@type\":\"ListItem\",\"position\":1,\"name\":\"Portada\",\"item\":\"https:\\\/\\\/restaurantesdelreyno.com\\\/de\\\/\"},{\"@type\":\"ListItem\",\"position\":2,\"name\":\"INICIO\"}]},{\"@type\":\"WebSite\",\"@id\":\"https:\\\/\\\/restaurantesdelreyno.com\\\/#website\",\"url\":\"https:\\\/\\\/restaurantesdelreyno.com\\\/\",\"name\":\"Restaurantes del Reyno\",\"description\":\"Asociaci\u00f3n Restaurantes de Navarra\",\"potentialAction\":[{\"@type\":\"SearchAction\",\"target\":{\"@type\":\"EntryPoint\",\"urlTemplate\":\"https:\\\/\\\/restaurantesdelreyno.com\\\/?s={search_term_string}\"},\"query-input\":{\"@type\":\"PropertyValueSpecification\",\"valueRequired\":true,\"valueName\":\"search_term_string\"}}],\"inLanguage\":\"de\"}]}<\/script>\r\n<!-- \/ Yoast SEO plugin. -->","yoast_head_json":{"title":"INICIO - Restaurantes del Reyno","robots":{"index":"index","follow":"follow","max-snippet":"max-snippet:-1","max-image-preview":"max-image-preview:large","max-video-preview":"max-video-preview:-1"},"canonical":"https:\/\/restaurantesdelreyno.com\/de\/","og_locale":"de_DE","og_type":"article","og_title":"INICIO - Restaurantes del Reyno","og_description":"ENTDECKEN SIE DIE BESTEN RESTAURANTS IN NAVARRADIE VEREINIGUNG GENIESSEN SIE DIE NAVARRISCHE GASTRONOMIE ZUSAMMEN MIT UNS.Zur Vereinigung der Restaurantes del Reyno z\u00e4hlen Chefs von Prestige und Projektion der navarrischen K\u00fcche, die Sie in diesem Restaurantf\u00fchrer finden. Sie verk\u00f6rpern den Respekt vor der Identit\u00e4t der Tradition, die Innovation f\u00fcr neue Wege und die Obsession bei der [&hellip;]","og_url":"https:\/\/restaurantesdelreyno.com\/de\/","og_site_name":"Restaurantes del Reyno","article_modified_time":"2021-03-25T08:19:42+00:00","twitter_card":"summary_large_image","twitter_misc":{"Gesch\u00e4tzte Lesezeit":"4\u00a0Minuten"},"schema":{"@context":"https:\/\/schema.org","@graph":[{"@type":"WebPage","@id":"https:\/\/restaurantesdelreyno.com\/de\/","url":"https:\/\/restaurantesdelreyno.com\/de\/","name":"INICIO - Restaurantes del Reyno","isPartOf":{"@id":"https:\/\/restaurantesdelreyno.com\/#website"},"datePublished":"2021-03-11T12:16:21+00:00","dateModified":"2021-03-25T08:19:42+00:00","breadcrumb":{"@id":"https:\/\/restaurantesdelreyno.com\/de\/#breadcrumb"},"inLanguage":"de","potentialAction":[{"@type":"ReadAction","target":["https:\/\/restaurantesdelreyno.com\/de\/"]}]},{"@type":"BreadcrumbList","@id":"https:\/\/restaurantesdelreyno.com\/de\/#breadcrumb","itemListElement":[{"@type":"ListItem","position":1,"name":"Portada","item":"https:\/\/restaurantesdelreyno.com\/de\/"},{"@type":"ListItem","position":2,"name":"INICIO"}]},{"@type":"WebSite","@id":"https:\/\/restaurantesdelreyno.com\/#website","url":"https:\/\/restaurantesdelreyno.com\/","name":"Restaurantes del Reyno","description":"Asociaci\u00f3n Restaurantes de Navarra","potentialAction":[{"@type":"SearchAction","target":{"@type":"EntryPoint","urlTemplate":"https:\/\/restaurantesdelreyno.com\/?s={search_term_string}"},"query-input":{"@type":"PropertyValueSpecification","valueRequired":true,"valueName":"search_term_string"}}],"inLanguage":"de"}]}},"_links":{"self":[{"href":"https:\/\/restaurantesdelreyno.com\/de\/wp-json\/wp\/v2\/pages\/2590","targetHints":{"allow":["GET"]}}],"collection":[{"href":"https:\/\/restaurantesdelreyno.com\/de\/wp-json\/wp\/v2\/pages"}],"about":[{"href":"https:\/\/restaurantesdelreyno.com\/de\/wp-json\/wp\/v2\/types\/page"}],"author":[{"embeddable":true,"href":"https:\/\/restaurantesdelreyno.com\/de\/wp-json\/wp\/v2\/users\/1"}],"replies":[{"embeddable":true,"href":"https:\/\/restaurantesdelreyno.com\/de\/wp-json\/wp\/v2\/comments?post=2590"}],"version-history":[{"count":9,"href":"https:\/\/restaurantesdelreyno.com\/de\/wp-json\/wp\/v2\/pages\/2590\/revisions"}],"predecessor-version":[{"id":2709,"href":"https:\/\/restaurantesdelreyno.com\/de\/wp-json\/wp\/v2\/pages\/2590\/revisions\/2709"}],"wp:attachment":[{"href":"https:\/\/restaurantesdelreyno.com\/de\/wp-json\/wp\/v2\/media?parent=2590"}],"curies":[{"name":"wp","href":"https:\/\/api.w.org\/{rel}","templated":true}]}}