{"id":3115,"date":"2021-09-12T07:50:40","date_gmt":"2021-09-12T07:50:40","guid":{"rendered":"https:\/\/restaurantesdelreyno.com\/turismo-pamplona\/"},"modified":"2021-09-12T08:17:26","modified_gmt":"2021-09-12T08:17:26","slug":"turismo-pamplona","status":"publish","type":"page","link":"https:\/\/restaurantesdelreyno.com\/de\/turismo-pamplona\/","title":{"rendered":"TURISMO PAMPLONA"},"content":{"rendered":"<p>[et_pb_section fb_built=&#8220;1&#8243; _builder_version=&#8220;4.9.1&#8243; _module_preset=&#8220;default&#8220; width=&#8220;100%&#8220; max_width=&#8220;100%&#8220; module_alignment=&#8220;center&#8220; custom_padding=&#8220;0px||1px|||&#8220;][et_pb_row column_structure=&#8220;1_3,1_3,1_3&#8243; use_custom_gutter=&#8220;on&#8220; gutter_width=&#8220;2&#8243; _builder_version=&#8220;4.9.1&#8243; _module_preset=&#8220;default&#8220; width=&#8220;100%&#8220; max_width=&#8220;100%&#8220; custom_padding=&#8220;0px|||||&#8220;][et_pb_column type=&#8220;1_3&#8243; _builder_version=&#8220;4.9.1&#8243; _module_preset=&#8220;default&#8220;][et_pb_image src=&#8220;https:\/\/restaurantesdelreyno.com\/wp-content\/uploads\/2021\/09\/pamplona-es-verde.jpg&#8220; title_text=&#8220;pamplona es verde&#8220; disabled_on=&#8220;on|off|off&#8220; _builder_version=&#8220;4.9.1&#8243; _module_preset=&#8220;default&#8220;][\/et_pb_image][\/et_pb_column][et_pb_column type=&#8220;1_3&#8243; _builder_version=&#8220;4.9.1&#8243; _module_preset=&#8220;default&#8220;][et_pb_image src=&#8220;https:\/\/restaurantesdelreyno.com\/wp-content\/uploads\/2021\/09\/pamplona-es-camino_0.jpg&#8220; title_text=&#8220;pamplona es camino_0&#8243; disabled_on=&#8220;on|off|off&#8220; _builder_version=&#8220;4.9.1&#8243; _module_preset=&#8220;default&#8220;][\/et_pb_image][\/et_pb_column][et_pb_column type=&#8220;1_3&#8243; _builder_version=&#8220;4.9.1&#8243; _module_preset=&#8220;default&#8220;][et_pb_image src=&#8220;https:\/\/restaurantesdelreyno.com\/wp-content\/uploads\/2021\/09\/pamplona-es-san-fermin.jpg&#8220; title_text=&#8220;pamplona es san fermin&#8220; _builder_version=&#8220;4.9.1&#8243; _module_preset=&#8220;default&#8220;][\/et_pb_image][\/et_pb_column][\/et_pb_row][et_pb_row _builder_version=&#8220;4.9.1&#8243; _module_preset=&#8220;default&#8220;][et_pb_column type=&#8220;4_4&#8243; _builder_version=&#8220;4.9.1&#8243; _module_preset=&#8220;default&#8220;][et_pb_text _builder_version=&#8220;4.9.1&#8243; _module_preset=&#8220;default&#8220; text_font=&#8220;Roboto||||||||&#8220; header_2_font=&#8220;Oswald||||||||&#8220; header_2_font_size=&#8220;44px&#8220;]<\/p>\n<h2>Lernen sie die stadt auf einem spaziergang kennen!<\/h2>\n<p>[\/et_pb_text][et_pb_divider _builder_version=&#8220;4.9.1&#8243; _module_preset=&#8220;default&#8220;][\/et_pb_divider][et_pb_text _builder_version=&#8220;4.9.1&#8243; _module_preset=&#8220;default&#8220;]<\/p>\n<p>Pamplona ist die Hauptstadt der Provinz Navarra, der Merindad (Bezirk) ihres Namens und war die Hauptstadt des ehemaligen K\u00f6nigreichs Navarra. Die Stadt befindet sich ungef\u00e4hr im geographischen Zentrum der Provinz, die Altstadt liegt auf einer Anh\u00f6he. Unter ihr verl\u00e4uft der Fluss Arga. Der Name der Stadt ist auf den r\u00f6mischen General Pompeius zur\u00fcckzuf\u00fchren, der sich in Pamplona niederlie\u00df.<\/p>\n<h3>Der Jakobsweg Entdeckt Pamplona<\/h3>\n<p>Pamplona ist die erste Stadt auf dem Jakobsweg von Frankreich aus. Die jakobinische Route f\u00fchrt durch den \u00e4ltesten Teil der Stadt, das historische Zentrum, und bietet eine gute Gelegenheit, sich in ihren gewundenen mittelalterlichen Gassen zu verlieren.<\/p>\n<h3>Pamplona ist Gr\u00fcn<\/h3>\n<p>Pamplona ist eine der gr\u00fcnsten St\u00e4dte Spaniens, und die st\u00e4dtische Landschaft l\u00e4sst sich nicht ohne ihre Parks und G\u00e4rten verstehen, die die Stadt dank ihrer \u00fcppigen Vegetation mit Sauerstoff versorgen und den Spazierg\u00e4nger willkommen hei\u00dfen, der Ruhe auf seinem Weg sucht. \u00dcber 20% der Stadt ist gr\u00fcn und fu g\u00e4ngerfreundlich, was sie zu einem privilegierten Ort f\u00fcr Spazierg\u00e4nge macht.<\/p>\n<h3>Sehensw\u00fcrdigkeiten in Pamplona<\/h3>\n<p>Die Stadt ist eine der am besten erhaltenen ummauerten Zentren aus der Renaissance in Europa. Die Ummauerung verl\u00e4uft \u00fcber mehr als 5 km und erm\u00f6glicht es, die Geschichte der Stadt zu erleben und zu entdecken.<\/p>\n<h3>Pamplona und die \u201cFiesta\u201c<\/h3>\n<p>Das Stiertreiben und die \u201eSanfermines\u201c sind ein weltweit bekanntes Volksfest, das vom 6. bis zum 14. Juli stattfindet. Im Rest des Jahres hat der Besucher die M\u00f6glichkeit, diese emblematischen Stra\u00dfen und Pl\u00e4tze zu entdecken und zu erleben.<\/p>\n<h3>Stadt der Ausstellungen<\/h3>\n<p>Liebhaber der Malerei und Bildhauerei haben die M\u00f6glichkeit, die Vielfalt der k\u00fcnstlerischen Arbeiten in verschiedenen Museen zu besichtigen: Museum von Navarra, Museum der Universit\u00e4t von Navarra, Museum der Catedral Occidents, Pavillons der Ciudadela..<\/p>\n<p>[\/et_pb_text][\/et_pb_column][\/et_pb_row][\/et_pb_section]<\/p>\n","protected":false},"excerpt":{"rendered":"<p>Lernen sie die stadt auf einem spaziergang kennen!Pamplona ist die Hauptstadt der Provinz Navarra, der Merindad (Bezirk) ihres Namens und war die Hauptstadt des ehemaligen K\u00f6nigreichs Navarra. Die Stadt befindet sich ungef\u00e4hr im geographischen Zentrum der Provinz, die Altstadt liegt auf einer Anh\u00f6he. Unter ihr verl\u00e4uft der Fluss Arga. Der Name der Stadt ist auf [&hellip;]<\/p>\n","protected":false},"author":1,"featured_media":0,"parent":0,"menu_order":0,"comment_status":"closed","ping_status":"closed","template":"","meta":{"_et_pb_use_builder":"on","_et_pb_old_content":"","_et_gb_content_width":"","footnotes":""},"class_list":["post-3115","page","type-page","status-publish","hentry"],"yoast_head":"<!-- This site is optimized with the Yoast SEO plugin v27.3 - https:\/\/yoast.com\/product\/yoast-seo-wordpress\/ -->\r\n<title>TURISMO PAMPLONA - Restaurantes del Reyno<\/title>\r\n<meta name=\"robots\" content=\"index, follow, max-snippet:-1, max-image-preview:large, max-video-preview:-1\" \/>\r\n<link rel=\"canonical\" href=\"https:\/\/restaurantesdelreyno.com\/de\/turismo-pamplona\/\" \/>\r\n<meta property=\"og:locale\" content=\"de_DE\" \/>\r\n<meta property=\"og:type\" content=\"article\" \/>\r\n<meta property=\"og:title\" content=\"TURISMO PAMPLONA - Restaurantes del Reyno\" \/>\r\n<meta property=\"og:description\" content=\"Lernen sie die stadt auf einem spaziergang kennen!Pamplona ist die Hauptstadt der Provinz Navarra, der Merindad (Bezirk) ihres Namens und war die Hauptstadt des ehemaligen K\u00f6nigreichs Navarra. Die Stadt befindet sich ungef\u00e4hr im geographischen Zentrum der Provinz, die Altstadt liegt auf einer Anh\u00f6he. Unter ihr verl\u00e4uft der Fluss Arga. Der Name der Stadt ist auf [&hellip;]\" \/>\r\n<meta property=\"og:url\" content=\"https:\/\/restaurantesdelreyno.com\/de\/turismo-pamplona\/\" \/>\r\n<meta property=\"og:site_name\" content=\"Restaurantes del Reyno\" \/>\r\n<meta property=\"article:modified_time\" content=\"2021-09-12T08:17:26+00:00\" \/>\r\n<meta name=\"twitter:card\" content=\"summary_large_image\" \/>\r\n<meta name=\"twitter:label1\" content=\"Gesch\u00e4tzte Lesezeit\" \/>\n\t<meta name=\"twitter:data1\" content=\"3\u00a0Minuten\" \/>\r\n<script type=\"application\/ld+json\" class=\"yoast-schema-graph\">{\"@context\":\"https:\\\/\\\/schema.org\",\"@graph\":[{\"@type\":\"WebPage\",\"@id\":\"https:\\\/\\\/restaurantesdelreyno.com\\\/de\\\/turismo-pamplona\\\/\",\"url\":\"https:\\\/\\\/restaurantesdelreyno.com\\\/de\\\/turismo-pamplona\\\/\",\"name\":\"TURISMO PAMPLONA - Restaurantes del Reyno\",\"isPartOf\":{\"@id\":\"https:\\\/\\\/restaurantesdelreyno.com\\\/#website\"},\"datePublished\":\"2021-09-12T07:50:40+00:00\",\"dateModified\":\"2021-09-12T08:17:26+00:00\",\"breadcrumb\":{\"@id\":\"https:\\\/\\\/restaurantesdelreyno.com\\\/de\\\/turismo-pamplona\\\/#breadcrumb\"},\"inLanguage\":\"de\",\"potentialAction\":[{\"@type\":\"ReadAction\",\"target\":[\"https:\\\/\\\/restaurantesdelreyno.com\\\/de\\\/turismo-pamplona\\\/\"]}]},{\"@type\":\"BreadcrumbList\",\"@id\":\"https:\\\/\\\/restaurantesdelreyno.com\\\/de\\\/turismo-pamplona\\\/#breadcrumb\",\"itemListElement\":[{\"@type\":\"ListItem\",\"position\":1,\"name\":\"Portada\",\"item\":\"https:\\\/\\\/restaurantesdelreyno.com\\\/de\\\/\"},{\"@type\":\"ListItem\",\"position\":2,\"name\":\"TURISMO PAMPLONA\"}]},{\"@type\":\"WebSite\",\"@id\":\"https:\\\/\\\/restaurantesdelreyno.com\\\/#website\",\"url\":\"https:\\\/\\\/restaurantesdelreyno.com\\\/\",\"name\":\"Restaurantes del Reyno\",\"description\":\"Asociaci\u00f3n Restaurantes de Navarra\",\"potentialAction\":[{\"@type\":\"SearchAction\",\"target\":{\"@type\":\"EntryPoint\",\"urlTemplate\":\"https:\\\/\\\/restaurantesdelreyno.com\\\/?s={search_term_string}\"},\"query-input\":{\"@type\":\"PropertyValueSpecification\",\"valueRequired\":true,\"valueName\":\"search_term_string\"}}],\"inLanguage\":\"de\"}]}<\/script>\r\n<!-- \/ Yoast SEO plugin. -->","yoast_head_json":{"title":"TURISMO PAMPLONA - Restaurantes del Reyno","robots":{"index":"index","follow":"follow","max-snippet":"max-snippet:-1","max-image-preview":"max-image-preview:large","max-video-preview":"max-video-preview:-1"},"canonical":"https:\/\/restaurantesdelreyno.com\/de\/turismo-pamplona\/","og_locale":"de_DE","og_type":"article","og_title":"TURISMO PAMPLONA - Restaurantes del Reyno","og_description":"Lernen sie die stadt auf einem spaziergang kennen!Pamplona ist die Hauptstadt der Provinz Navarra, der Merindad (Bezirk) ihres Namens und war die Hauptstadt des ehemaligen K\u00f6nigreichs Navarra. Die Stadt befindet sich ungef\u00e4hr im geographischen Zentrum der Provinz, die Altstadt liegt auf einer Anh\u00f6he. Unter ihr verl\u00e4uft der Fluss Arga. Der Name der Stadt ist auf [&hellip;]","og_url":"https:\/\/restaurantesdelreyno.com\/de\/turismo-pamplona\/","og_site_name":"Restaurantes del Reyno","article_modified_time":"2021-09-12T08:17:26+00:00","twitter_card":"summary_large_image","twitter_misc":{"Gesch\u00e4tzte Lesezeit":"3\u00a0Minuten"},"schema":{"@context":"https:\/\/schema.org","@graph":[{"@type":"WebPage","@id":"https:\/\/restaurantesdelreyno.com\/de\/turismo-pamplona\/","url":"https:\/\/restaurantesdelreyno.com\/de\/turismo-pamplona\/","name":"TURISMO PAMPLONA - Restaurantes del Reyno","isPartOf":{"@id":"https:\/\/restaurantesdelreyno.com\/#website"},"datePublished":"2021-09-12T07:50:40+00:00","dateModified":"2021-09-12T08:17:26+00:00","breadcrumb":{"@id":"https:\/\/restaurantesdelreyno.com\/de\/turismo-pamplona\/#breadcrumb"},"inLanguage":"de","potentialAction":[{"@type":"ReadAction","target":["https:\/\/restaurantesdelreyno.com\/de\/turismo-pamplona\/"]}]},{"@type":"BreadcrumbList","@id":"https:\/\/restaurantesdelreyno.com\/de\/turismo-pamplona\/#breadcrumb","itemListElement":[{"@type":"ListItem","position":1,"name":"Portada","item":"https:\/\/restaurantesdelreyno.com\/de\/"},{"@type":"ListItem","position":2,"name":"TURISMO PAMPLONA"}]},{"@type":"WebSite","@id":"https:\/\/restaurantesdelreyno.com\/#website","url":"https:\/\/restaurantesdelreyno.com\/","name":"Restaurantes del Reyno","description":"Asociaci\u00f3n Restaurantes de Navarra","potentialAction":[{"@type":"SearchAction","target":{"@type":"EntryPoint","urlTemplate":"https:\/\/restaurantesdelreyno.com\/?s={search_term_string}"},"query-input":{"@type":"PropertyValueSpecification","valueRequired":true,"valueName":"search_term_string"}}],"inLanguage":"de"}]}},"_links":{"self":[{"href":"https:\/\/restaurantesdelreyno.com\/de\/wp-json\/wp\/v2\/pages\/3115","targetHints":{"allow":["GET"]}}],"collection":[{"href":"https:\/\/restaurantesdelreyno.com\/de\/wp-json\/wp\/v2\/pages"}],"about":[{"href":"https:\/\/restaurantesdelreyno.com\/de\/wp-json\/wp\/v2\/types\/page"}],"author":[{"embeddable":true,"href":"https:\/\/restaurantesdelreyno.com\/de\/wp-json\/wp\/v2\/users\/1"}],"replies":[{"embeddable":true,"href":"https:\/\/restaurantesdelreyno.com\/de\/wp-json\/wp\/v2\/comments?post=3115"}],"version-history":[{"count":3,"href":"https:\/\/restaurantesdelreyno.com\/de\/wp-json\/wp\/v2\/pages\/3115\/revisions"}],"predecessor-version":[{"id":3127,"href":"https:\/\/restaurantesdelreyno.com\/de\/wp-json\/wp\/v2\/pages\/3115\/revisions\/3127"}],"wp:attachment":[{"href":"https:\/\/restaurantesdelreyno.com\/de\/wp-json\/wp\/v2\/media?parent=3115"}],"curies":[{"name":"wp","href":"https:\/\/api.w.org\/{rel}","templated":true}]}}