{"id":3114,"date":"2021-09-12T07:50:40","date_gmt":"2021-09-12T07:50:40","guid":{"rendered":"https:\/\/restaurantesdelreyno.com\/turismo-pamplona\/"},"modified":"2021-09-12T08:00:53","modified_gmt":"2021-09-12T08:00:53","slug":"turismo-pamplona","status":"publish","type":"page","link":"https:\/\/restaurantesdelreyno.com\/fr\/turismo-pamplona\/","title":{"rendered":"TURISMO PAMPLONA"},"content":{"rendered":"<p>[et_pb_section fb_built=\u00a0\u00bb1&Prime; _builder_version=\u00a0\u00bb4.9.1&Prime; _module_preset=\u00a0\u00bbdefault\u00a0\u00bb width=\u00a0\u00bb100%\u00a0\u00bb max_width=\u00a0\u00bb100%\u00a0\u00bb module_alignment=\u00a0\u00bbcenter\u00a0\u00bb custom_padding=\u00a0\u00bb0px||1px|||\u00a0\u00bb][et_pb_row column_structure=\u00a0\u00bb1_3,1_3,1_3&Prime; use_custom_gutter=\u00a0\u00bbon\u00a0\u00bb gutter_width=\u00a0\u00bb2&Prime; _builder_version=\u00a0\u00bb4.9.1&Prime; _module_preset=\u00a0\u00bbdefault\u00a0\u00bb width=\u00a0\u00bb100%\u00a0\u00bb max_width=\u00a0\u00bb100%\u00a0\u00bb custom_padding=\u00a0\u00bb0px|||||\u00a0\u00bb][et_pb_column type=\u00a0\u00bb1_3&Prime; _builder_version=\u00a0\u00bb4.9.1&Prime; _module_preset=\u00a0\u00bbdefault\u00a0\u00bb][et_pb_image src=\u00a0\u00bbhttps:\/\/restaurantesdelreyno.com\/wp-content\/uploads\/2021\/09\/pamplona-es-verde.jpg\u00a0\u00bb title_text=\u00a0\u00bbpamplona es verde\u00a0\u00bb disabled_on=\u00a0\u00bbon|off|off\u00a0\u00bb _builder_version=\u00a0\u00bb4.9.1&Prime; _module_preset=\u00a0\u00bbdefault\u00a0\u00bb][\/et_pb_image][\/et_pb_column][et_pb_column type=\u00a0\u00bb1_3&Prime; _builder_version=\u00a0\u00bb4.9.1&Prime; _module_preset=\u00a0\u00bbdefault\u00a0\u00bb][et_pb_image src=\u00a0\u00bbhttps:\/\/restaurantesdelreyno.com\/wp-content\/uploads\/2021\/09\/pamplona-es-camino_0.jpg\u00a0\u00bb title_text=\u00a0\u00bbpamplona es camino_0&Prime; disabled_on=\u00a0\u00bbon|off|off\u00a0\u00bb _builder_version=\u00a0\u00bb4.9.1&Prime; _module_preset=\u00a0\u00bbdefault\u00a0\u00bb][\/et_pb_image][\/et_pb_column][et_pb_column type=\u00a0\u00bb1_3&Prime; _builder_version=\u00a0\u00bb4.9.1&Prime; _module_preset=\u00a0\u00bbdefault\u00a0\u00bb][et_pb_image src=\u00a0\u00bbhttps:\/\/restaurantesdelreyno.com\/wp-content\/uploads\/2021\/09\/pamplona-es-san-fermin.jpg\u00a0\u00bb title_text=\u00a0\u00bbpamplona es san fermin\u00a0\u00bb _builder_version=\u00a0\u00bb4.9.1&Prime; _module_preset=\u00a0\u00bbdefault\u00a0\u00bb][\/et_pb_image][\/et_pb_column][\/et_pb_row][et_pb_row _builder_version=\u00a0\u00bb4.9.1&Prime; _module_preset=\u00a0\u00bbdefault\u00a0\u00bb][et_pb_column type=\u00a0\u00bb4_4&Prime; _builder_version=\u00a0\u00bb4.9.1&Prime; _module_preset=\u00a0\u00bbdefault\u00a0\u00bb][et_pb_text _builder_version=\u00a0\u00bb4.9.1&Prime; _module_preset=\u00a0\u00bbdefault\u00a0\u00bb text_font=\u00a0\u00bbRoboto||||||||\u00a0\u00bb header_2_font=\u00a0\u00bbOswald||||||||\u00a0\u00bb header_2_font_size=\u00a0\u00bb44px\u00a0\u00bb]<\/p>\n<h2>Promenades pour conna\u00eetre la ville\u00a0<\/h2>\n<p>[\/et_pb_text][et_pb_divider _builder_version=\u00a0\u00bb4.9.1&Prime; _module_preset=\u00a0\u00bbdefault\u00a0\u00bb][\/et_pb_divider][et_pb_text _builder_version=\u00a0\u00bb4.9.1&Prime; _module_preset=\u00a0\u00bbdefault\u00a0\u00bb]<\/p>\n<p>Pampelune est la capitale de la province de Navarre, du district ou merindad du m\u00eame nom, et fut la capitale de l\u2019ancien Royaume de Navarre. Elle se trouve pratiquement au centre g\u00e9ographique de la province. La ville historique se dresse sur une terrasse avec un fort d\u00e9nivellement, au bas de laquelle coule la rivi\u00e8re Arga. Elle doit son nom au g\u00e9n\u00e9ral romain Pomp\u00e9e, qui s\u2019\u00e9tablit \u00e0 Pampelune.<\/p>\n<h3>Le Chemin de Saint-Jacques-de-Compostelle d\u00e9couvre Pampelune<\/h3>\n<p>Pampelune est la premi\u00e8re ville du populaire Chemin de Saint-Jacques-de[1]Compostelle du c\u00f4t\u00e9 fran\u00e7ais. Le chemin jacquaire traverse la partie la plus ancienne de la ville, son centre historique ; une bonne occasion pour se perdre \u00e0 travers son urbanisme m\u00e9di\u00e9val inextricable.<\/p>\n<h3>Pampelune en vert<\/h3>\n<p>L\u2019une des villes les plus vertes d\u2019Espagne, dont le paysage urbain ne se comprend pas sans ses parcs et jardins qui oxyg\u00e8nent la ville avec leur v\u00e9g\u00e9tation abondante et accueillent le promeneur qui cherche la tranquillit\u00e9 dans sa marche. Plus de 20% de la superficie urbaine est verte et pi\u00e9tonni\u00e8re, ce qui en fait une ville privil\u00e9gi\u00e9e pour la promenade.<\/p>\n<h3>La Pampelune Monumentale<\/h3>\n<p>L\u2019un des meilleurs ensembles fortifi\u00e9s de style renaissance qui se conservent enEurope, pr\u00e9sentant un parcours de plus de 5 km, qui permet de revivre et d\u00e9couvrir l\u2019histoire de la ville.<\/p>\n<h3>Pampelune et ses F\u00eates<\/h3>\n<p>Les Sanfermines et leur encierro sont une f\u00eate populaire mondialement connue, qui se c\u00e9l\u00e8bre du 6 au 14 juillet. Le reste de l\u2019ann\u00e9e, le visiteur peut d\u00e9couvrir les rues et les places, ces lieux embl\u00e9matiques o\u00f9 les f\u00eates se d\u00e9roulent, et les revivre.<\/p>\n<h3>Ville d&rsquo;expositions<\/h3>\n<p>Les amateurs de peinture et de sculpture ont l\u2019opportunit\u00e9 de jouir d\u2019une grande vari\u00e9t\u00e9 d\u2019\u0153uvres artistiques dans diff\u00e9rents espaces mus\u00e9aux : Mus\u00e9e de Navarre, Mus\u00e9e Universit\u00e9 de Navarre, us\u00e9e de la Cath\u00e9drale Occidents, b\u00e2timents de la Citadelle&#8230;<\/p>\n<p>[\/et_pb_text][\/et_pb_column][\/et_pb_row][\/et_pb_section]<\/p>\n","protected":false},"excerpt":{"rendered":"<p>Promenades pour conna\u00eetre la ville\u00a0Pampelune est la capitale de la province de Navarre, du district ou merindad du m\u00eame nom, et fut la capitale de l\u2019ancien Royaume de Navarre. Elle se trouve pratiquement au centre g\u00e9ographique de la province. La ville historique se dresse sur une terrasse avec un fort d\u00e9nivellement, au bas de laquelle [&hellip;]<\/p>\n","protected":false},"author":1,"featured_media":0,"parent":0,"menu_order":0,"comment_status":"closed","ping_status":"closed","template":"","meta":{"_et_pb_use_builder":"on","_et_pb_old_content":"","_et_gb_content_width":"","footnotes":""},"class_list":["post-3114","page","type-page","status-publish","hentry"],"yoast_head":"<!-- This site is optimized with the Yoast SEO plugin v27.3 - https:\/\/yoast.com\/product\/yoast-seo-wordpress\/ -->\r\n<title>TURISMO PAMPLONA - Restaurantes del Reyno<\/title>\r\n<meta name=\"robots\" content=\"index, follow, max-snippet:-1, max-image-preview:large, max-video-preview:-1\" \/>\r\n<link rel=\"canonical\" href=\"https:\/\/restaurantesdelreyno.com\/fr\/turismo-pamplona\/\" \/>\r\n<meta property=\"og:locale\" content=\"fr_FR\" \/>\r\n<meta property=\"og:type\" content=\"article\" \/>\r\n<meta property=\"og:title\" content=\"TURISMO PAMPLONA - Restaurantes del Reyno\" \/>\r\n<meta property=\"og:description\" content=\"Promenades pour conna\u00eetre la ville\u00a0Pampelune est la capitale de la province de Navarre, du district ou merindad du m\u00eame nom, et fut la capitale de l\u2019ancien Royaume de Navarre. Elle se trouve pratiquement au centre g\u00e9ographique de la province. La ville historique se dresse sur une terrasse avec un fort d\u00e9nivellement, au bas de laquelle [&hellip;]\" \/>\r\n<meta property=\"og:url\" content=\"https:\/\/restaurantesdelreyno.com\/fr\/turismo-pamplona\/\" \/>\r\n<meta property=\"og:site_name\" content=\"Restaurantes del Reyno\" \/>\r\n<meta property=\"article:modified_time\" content=\"2021-09-12T08:00:53+00:00\" \/>\r\n<meta name=\"twitter:card\" content=\"summary_large_image\" \/>\r\n<meta name=\"twitter:label1\" content=\"Dur\u00e9e de lecture estim\u00e9e\" \/>\n\t<meta name=\"twitter:data1\" content=\"3 minutes\" \/>\r\n<script type=\"application\/ld+json\" class=\"yoast-schema-graph\">{\"@context\":\"https:\\\/\\\/schema.org\",\"@graph\":[{\"@type\":\"WebPage\",\"@id\":\"https:\\\/\\\/restaurantesdelreyno.com\\\/fr\\\/turismo-pamplona\\\/\",\"url\":\"https:\\\/\\\/restaurantesdelreyno.com\\\/fr\\\/turismo-pamplona\\\/\",\"name\":\"TURISMO PAMPLONA - Restaurantes del Reyno\",\"isPartOf\":{\"@id\":\"https:\\\/\\\/restaurantesdelreyno.com\\\/#website\"},\"datePublished\":\"2021-09-12T07:50:40+00:00\",\"dateModified\":\"2021-09-12T08:00:53+00:00\",\"breadcrumb\":{\"@id\":\"https:\\\/\\\/restaurantesdelreyno.com\\\/fr\\\/turismo-pamplona\\\/#breadcrumb\"},\"inLanguage\":\"fr-FR\",\"potentialAction\":[{\"@type\":\"ReadAction\",\"target\":[\"https:\\\/\\\/restaurantesdelreyno.com\\\/fr\\\/turismo-pamplona\\\/\"]}]},{\"@type\":\"BreadcrumbList\",\"@id\":\"https:\\\/\\\/restaurantesdelreyno.com\\\/fr\\\/turismo-pamplona\\\/#breadcrumb\",\"itemListElement\":[{\"@type\":\"ListItem\",\"position\":1,\"name\":\"Portada\",\"item\":\"https:\\\/\\\/restaurantesdelreyno.com\\\/fr\\\/\"},{\"@type\":\"ListItem\",\"position\":2,\"name\":\"TURISMO PAMPLONA\"}]},{\"@type\":\"WebSite\",\"@id\":\"https:\\\/\\\/restaurantesdelreyno.com\\\/#website\",\"url\":\"https:\\\/\\\/restaurantesdelreyno.com\\\/\",\"name\":\"Restaurantes del Reyno\",\"description\":\"Asociaci\u00f3n Restaurantes de Navarra\",\"potentialAction\":[{\"@type\":\"SearchAction\",\"target\":{\"@type\":\"EntryPoint\",\"urlTemplate\":\"https:\\\/\\\/restaurantesdelreyno.com\\\/?s={search_term_string}\"},\"query-input\":{\"@type\":\"PropertyValueSpecification\",\"valueRequired\":true,\"valueName\":\"search_term_string\"}}],\"inLanguage\":\"fr-FR\"}]}<\/script>\r\n<!-- \/ Yoast SEO plugin. -->","yoast_head_json":{"title":"TURISMO PAMPLONA - Restaurantes del Reyno","robots":{"index":"index","follow":"follow","max-snippet":"max-snippet:-1","max-image-preview":"max-image-preview:large","max-video-preview":"max-video-preview:-1"},"canonical":"https:\/\/restaurantesdelreyno.com\/fr\/turismo-pamplona\/","og_locale":"fr_FR","og_type":"article","og_title":"TURISMO PAMPLONA - Restaurantes del Reyno","og_description":"Promenades pour conna\u00eetre la ville\u00a0Pampelune est la capitale de la province de Navarre, du district ou merindad du m\u00eame nom, et fut la capitale de l\u2019ancien Royaume de Navarre. Elle se trouve pratiquement au centre g\u00e9ographique de la province. La ville historique se dresse sur une terrasse avec un fort d\u00e9nivellement, au bas de laquelle [&hellip;]","og_url":"https:\/\/restaurantesdelreyno.com\/fr\/turismo-pamplona\/","og_site_name":"Restaurantes del Reyno","article_modified_time":"2021-09-12T08:00:53+00:00","twitter_card":"summary_large_image","twitter_misc":{"Dur\u00e9e de lecture estim\u00e9e":"3 minutes"},"schema":{"@context":"https:\/\/schema.org","@graph":[{"@type":"WebPage","@id":"https:\/\/restaurantesdelreyno.com\/fr\/turismo-pamplona\/","url":"https:\/\/restaurantesdelreyno.com\/fr\/turismo-pamplona\/","name":"TURISMO PAMPLONA - Restaurantes del Reyno","isPartOf":{"@id":"https:\/\/restaurantesdelreyno.com\/#website"},"datePublished":"2021-09-12T07:50:40+00:00","dateModified":"2021-09-12T08:00:53+00:00","breadcrumb":{"@id":"https:\/\/restaurantesdelreyno.com\/fr\/turismo-pamplona\/#breadcrumb"},"inLanguage":"fr-FR","potentialAction":[{"@type":"ReadAction","target":["https:\/\/restaurantesdelreyno.com\/fr\/turismo-pamplona\/"]}]},{"@type":"BreadcrumbList","@id":"https:\/\/restaurantesdelreyno.com\/fr\/turismo-pamplona\/#breadcrumb","itemListElement":[{"@type":"ListItem","position":1,"name":"Portada","item":"https:\/\/restaurantesdelreyno.com\/fr\/"},{"@type":"ListItem","position":2,"name":"TURISMO PAMPLONA"}]},{"@type":"WebSite","@id":"https:\/\/restaurantesdelreyno.com\/#website","url":"https:\/\/restaurantesdelreyno.com\/","name":"Restaurantes del Reyno","description":"Asociaci\u00f3n Restaurantes de Navarra","potentialAction":[{"@type":"SearchAction","target":{"@type":"EntryPoint","urlTemplate":"https:\/\/restaurantesdelreyno.com\/?s={search_term_string}"},"query-input":{"@type":"PropertyValueSpecification","valueRequired":true,"valueName":"search_term_string"}}],"inLanguage":"fr-FR"}]}},"_links":{"self":[{"href":"https:\/\/restaurantesdelreyno.com\/fr\/wp-json\/wp\/v2\/pages\/3114","targetHints":{"allow":["GET"]}}],"collection":[{"href":"https:\/\/restaurantesdelreyno.com\/fr\/wp-json\/wp\/v2\/pages"}],"about":[{"href":"https:\/\/restaurantesdelreyno.com\/fr\/wp-json\/wp\/v2\/types\/page"}],"author":[{"embeddable":true,"href":"https:\/\/restaurantesdelreyno.com\/fr\/wp-json\/wp\/v2\/users\/1"}],"replies":[{"embeddable":true,"href":"https:\/\/restaurantesdelreyno.com\/fr\/wp-json\/wp\/v2\/comments?post=3114"}],"version-history":[{"count":3,"href":"https:\/\/restaurantesdelreyno.com\/fr\/wp-json\/wp\/v2\/pages\/3114\/revisions"}],"predecessor-version":[{"id":3122,"href":"https:\/\/restaurantesdelreyno.com\/fr\/wp-json\/wp\/v2\/pages\/3114\/revisions\/3122"}],"wp:attachment":[{"href":"https:\/\/restaurantesdelreyno.com\/fr\/wp-json\/wp\/v2\/media?parent=3114"}],"curies":[{"name":"wp","href":"https:\/\/api.w.org\/{rel}","templated":true}]}}